{"id":58,"date":"2023-08-29T19:55:49","date_gmt":"2023-08-29T19:55:49","guid":{"rendered":"http:\/\/www.quark-leinoel-meile.de\/?page_id=58"},"modified":"2024-08-15T07:41:16","modified_gmt":"2024-08-15T07:41:16","slug":"kontakt","status":"publish","type":"page","link":"https:\/\/www.quark-leinoel-meile.de\/?page_id=58","title":{"rendered":"Kontakt"},"content":{"rendered":"\n<h2 class=\"wp-block-heading\"><mark style=\"background-color:rgba(0, 0, 0, 0);color:#e8ba02\" class=\"has-inline-color\">Sie erreichen uns &#8230;<\/mark><\/h2>\n\n\n\n<p><strong>Tourismusverein L\u00fcbben und Umgebung e. V.<\/strong><\/p>\n\n\n\n<p>Vorstandsvorsitzende Olaf St\u00f6be<\/p>\n\n\n\n<p>Am Dorfanger 25<\/p>\n\n\n\n<p>D-15907 L\u00fcbben<\/p>\n\n\n\n<ul class=\"wp-block-list\">\n<li>Telefon: 0162 966 7434<\/li>\n\n\n\n<li>E-Mail: <a href=\"mailto:info@tourismusverein-luebben.de\">info@tourismusverein-luebben.de<\/a><\/li>\n\n\n\n<li>Internet: <a href=\"http:\/\/www.tourismusverein-luebben.de\">www.tourismusverein-luebben.de<\/a><\/li>\n\n\n\n<li>Vereinsregister: 13289 Amtsgericht Cottbus<\/li>\n\n\n\n<li>Steuernummer: 049\/140\/01698<\/li>\n<\/ul>\n\n\n\n<hr class=\"wp-block-separator has-alpha-channel-opacity\"\/>\n\n\n\n<h2 class=\"wp-block-heading\"><mark style=\"background-color:rgba(0, 0, 0, 0);color:#e8ba02\" class=\"has-inline-color\">Ihre Nachricht &#8230;<\/mark><\/h2>\n\n\n\n<div class=\"wp-block-contact-form-7-contact-form-selector\">\n<div class=\"wpcf7 no-js\" id=\"wpcf7-f57-o1\" lang=\"de-DE\" dir=\"ltr\" data-wpcf7-id=\"57\">\n<div class=\"screen-reader-response\"><p role=\"status\" aria-live=\"polite\" aria-atomic=\"true\"><\/p> <ul><\/ul><\/div>\n<form action=\"\/index.php?rest_route=%2Fwp%2Fv2%2Fpages%2F58#wpcf7-f57-o1\" method=\"post\" class=\"wpcf7-form init\" aria-label=\"Kontaktformular\" novalidate=\"novalidate\" data-status=\"init\">\n<div style=\"display: none;\">\n<input type=\"hidden\" name=\"_wpcf7\" value=\"57\" \/>\n<input type=\"hidden\" name=\"_wpcf7_version\" value=\"6.0.6\" \/>\n<input type=\"hidden\" name=\"_wpcf7_locale\" value=\"de_DE\" \/>\n<input type=\"hidden\" name=\"_wpcf7_unit_tag\" value=\"wpcf7-f57-o1\" \/>\n<input type=\"hidden\" name=\"_wpcf7_container_post\" value=\"0\" \/>\n<input type=\"hidden\" name=\"_wpcf7_posted_data_hash\" value=\"\" \/>\n<\/div>\n<p>1. Ihre Kontaktdaten\n<\/p>\n<p><label> Firma (optional)<br \/>\n<span class=\"wpcf7-form-control-wrap\" data-name=\"your-vorname\"><input size=\"40\" maxlength=\"400\" class=\"wpcf7-form-control wpcf7-text wpcf7-validates-as-required\" aria-required=\"true\" aria-invalid=\"false\" value=\"\" type=\"text\" name=\"your-vorname\" \/><\/span> <\/label>\n<\/p>\n<p><label> Ansprechpartner<br \/>\n<span class=\"wpcf7-form-control-wrap\" data-name=\"your-name\"><input size=\"40\" maxlength=\"400\" class=\"wpcf7-form-control wpcf7-text wpcf7-validates-as-required\" aria-required=\"true\" aria-invalid=\"false\" value=\"\" type=\"text\" name=\"your-name\" \/><\/span> <\/label>\n<\/p>\n<p><label> Ihre E-Mail-Adresse<br \/>\n<span class=\"wpcf7-form-control-wrap\" data-name=\"your-email\"><input size=\"40\" maxlength=\"400\" class=\"wpcf7-form-control wpcf7-email wpcf7-validates-as-required wpcf7-text wpcf7-validates-as-email\" aria-required=\"true\" aria-invalid=\"false\" value=\"\" type=\"email\" name=\"your-email\" \/><\/span> <\/label>\n<\/p>\n<p><label> Ihre Telefonnummer<br \/>\n<span class=\"wpcf7-form-control-wrap\" data-name=\"tel-734\"><input size=\"40\" maxlength=\"400\" class=\"wpcf7-form-control wpcf7-tel wpcf7-validates-as-required wpcf7-text wpcf7-validates-as-tel\" aria-required=\"true\" aria-invalid=\"false\" value=\"\" type=\"tel\" name=\"tel-734\" \/><\/span> <\/label><br \/>\n___________________________________________\n<\/p>\n<p>2. Ihre Nachricht\/ Anfrage\n<\/p>\n<p><label> Betreff<br \/>\n<span class=\"wpcf7-form-control-wrap\" data-name=\"your-subject\"><input size=\"40\" maxlength=\"400\" class=\"wpcf7-form-control wpcf7-text wpcf7-validates-as-required\" aria-required=\"true\" aria-invalid=\"false\" value=\"\" type=\"text\" name=\"your-subject\" \/><\/span> <\/label>\n<\/p>\n<p><label> Ihre Nachricht (optional)<br \/>\n<span class=\"wpcf7-form-control-wrap\" data-name=\"your-message\"><textarea cols=\"40\" rows=\"10\" maxlength=\"2000\" class=\"wpcf7-form-control wpcf7-textarea\" aria-invalid=\"false\" name=\"your-message\"><\/textarea><\/span> <\/label>\n<\/p>\n<p><span class=\"wpcf7-form-control-wrap\" data-name=\"cmplz-acceptance\"><span class=\"wpcf7-form-control wpcf7-acceptance\"><span class=\"wpcf7-list-item\"><label><input type=\"checkbox\" name=\"cmplz-acceptance\" value=\"1\" aria-invalid=\"false\" \/><span class=\"wpcf7-list-item-label\">Um dieses Fomular zu versenden, musst du unsere <a href=\"#?cmplz_region_redirect=true\">Datenschutzerkl\u00e4rung<\/a> akzeptieren<\/span><\/label><\/span><\/span><\/span>\n<\/p>\n<p><input class=\"wpcf7-form-control wpcf7-submit has-spinner\" type=\"submit\" value=\"Senden\" \/>\n<\/p><div class=\"wpcf7-response-output\" aria-hidden=\"true\"><\/div>\n<\/form>\n<\/div>\n<\/div>\n\n\n\n<hr class=\"wp-block-separator has-alpha-channel-opacity\"\/>\n\n\n\n<h2 class=\"wp-block-heading\"><mark style=\"background-color:rgba(0, 0, 0, 0);color:#e8ba02\" class=\"has-inline-color\">Bildrechte:<\/mark><\/h2>\n\n\n\n<p>\u00a9Miriam Schubert \/ Schubert Consulting<\/p>\n","protected":false},"excerpt":{"rendered":"<p>Sie erreichen uns &#8230; Tourismusverein L\u00fcbben und Umgebung e. V. Vorstandsvorsitzende Olaf St\u00f6be Am Dorfanger 25 D-15907 L\u00fcbben Ihre Nachricht &#8230; Bildrechte: \u00a9Miriam Schubert \/ Schubert Consulting<\/p>\n","protected":false},"author":1,"featured_media":0,"parent":0,"menu_order":0,"comment_status":"closed","ping_status":"closed","template":"","meta":{"footnotes":""},"class_list":["post-58","page","type-page","status-publish","hentry","post"],"_links":{"self":[{"href":"https:\/\/www.quark-leinoel-meile.de\/index.php?rest_route=\/wp\/v2\/pages\/58"}],"collection":[{"href":"https:\/\/www.quark-leinoel-meile.de\/index.php?rest_route=\/wp\/v2\/pages"}],"about":[{"href":"https:\/\/www.quark-leinoel-meile.de\/index.php?rest_route=\/wp\/v2\/types\/page"}],"author":[{"embeddable":true,"href":"https:\/\/www.quark-leinoel-meile.de\/index.php?rest_route=\/wp\/v2\/users\/1"}],"replies":[{"embeddable":true,"href":"https:\/\/www.quark-leinoel-meile.de\/index.php?rest_route=%2Fwp%2Fv2%2Fcomments&post=58"}],"version-history":[{"count":4,"href":"https:\/\/www.quark-leinoel-meile.de\/index.php?rest_route=\/wp\/v2\/pages\/58\/revisions"}],"predecessor-version":[{"id":276,"href":"https:\/\/www.quark-leinoel-meile.de\/index.php?rest_route=\/wp\/v2\/pages\/58\/revisions\/276"}],"wp:attachment":[{"href":"https:\/\/www.quark-leinoel-meile.de\/index.php?rest_route=%2Fwp%2Fv2%2Fmedia&parent=58"}],"curies":[{"name":"wp","href":"https:\/\/api.w.org\/{rel}","templated":true}]}}