{"id":210,"date":"2023-10-16T13:34:02","date_gmt":"2023-10-16T13:34:02","guid":{"rendered":"http:\/\/www.quark-leinoel-meile.de\/?page_id=210"},"modified":"2024-02-01T19:21:26","modified_gmt":"2024-02-01T19:21:26","slug":"impression-2023","status":"publish","type":"page","link":"https:\/\/www.quark-leinoel-meile.de\/?page_id=210","title":{"rendered":"Impression 2023"},"content":{"rendered":"\n<h2 class=\"wp-block-heading\"><mark style=\"background-color:rgba(0, 0, 0, 0);color:#e8ba02\" class=\"has-inline-color\">Verkosten &#8211; Bestaunen &#8211; Flanieren &#8211; Mitmachen &#8230;<\/mark> <\/h2>\n\n\n\n<p><strong>R\u00fcckblick 2023<\/strong><\/p>\n\n\n\n<ul class=\"wp-block-list\">\n<li>Datum: Samstag, den 30.09.2023<\/li>\n\n\n\n<li>Uhrzeit: 11:30 bis 16:30 Uhr (ab 17:30 Uhr Lampionumzug durch die Innenstadt)<\/li>\n\n\n\n<li>Ort: L\u00fcbbener Marktplatz<\/li>\n\n\n\n<li>Veranstalter: Tourismusverein L\u00fcbben und Umgebung e. V.<\/li>\n<\/ul>\n\n\n\n<p><strong>Besondere Highlights der Quark-Lein\u00f6l-Meile <\/strong> <\/p>\n\n\n\n<ul class=\"wp-block-list\">\n<li>Ab 11:30 bis 16:30 Uhr: \n<ul class=\"wp-block-list\">\n<li>Nehmen Sie Platz an der l\u00e4ngste Tafel des Spreewalds, um gemeinsam die Leibspeise der Spreew\u00e4lder zu genie\u00dfen<\/li>\n\n\n\n<li>Kulinarische Meile der Gastronomie: Freuen Sie sich auf tradionelle und neue Kreationen rundum die drei Bestandteile Quark-Lein\u00f6l-Kartoffeln. Sowohl herzhafte wie auch s\u00fc\u00dfe Interpretationen warten auf ihre Verk\u00f6stigung!<\/li>\n\n\n\n<li>Pr\u00e4sentation der Erzeuger, Produzenten und Verarbeiter aus der Region<\/li>\n\n\n\n<li>Live-Musik von Juliane Stoffregen aus Sch\u00f6nwalde mit tollen Oldies, Evergreens u.v.m. <\/li>\n\n\n\n<li>Mitmach-Aktion f\u00fcr die Kinder: Bastelt Euren eigenen Lampion! <\/li>\n<\/ul>\n<\/li>\n<\/ul>\n\n\n\n<p><\/p>\n\n\n\n<ul class=\"wp-block-list\">\n<li>Ab 13:30 Uhr: \n<ul class=\"wp-block-list\">\n<li>Auftritt der Lutki &#8211; L\u00fcbbener Trachtentanzgruppe der Kita Spreewald<\/li>\n<\/ul>\n<\/li>\n<\/ul>\n\n\n\n<p><\/p>\n\n\n\n<ul class=\"wp-block-list\">\n<li>Ab 17:30 Uhr: \n<ul class=\"wp-block-list\">\n<li>Gro\u00dfer Lampionumzug<strong> <\/strong>im Rahmen der L\u00fcbbener Shoppingnacht: Alle Kids &amp; Familien sind herzlich zum Lampionumzug eingeladen. Bringt Euren Lampion mit und wir treffen uns am Startpunkt auf dem L\u00fcbbener Marktplatz.<\/li>\n<\/ul>\n<\/li>\n<\/ul>\n\n\n\n<hr class=\"wp-block-separator has-alpha-channel-opacity\"\/>\n\n\n\n<h2 class=\"wp-block-heading\"><mark style=\"background-color:rgba(0, 0, 0, 0);color:#e8ba02\" class=\"has-inline-color\">Highlights<\/mark><\/h2>\n\n\n\n<p>Die erste Quark-Lein\u00f6l-Meile in L\u00fcbben war ein voller Erfolg.<\/p>\n\n\n\n<figure class=\"wp-block-image size-large\"><img loading=\"lazy\" decoding=\"async\" width=\"1024\" height=\"512\" src=\"https:\/\/www.quark-leinoel-meile.de\/wp-content\/uploads\/2023\/10\/1200x600_Quark_16-1024x512.jpg\" alt=\"\" class=\"wp-image-215\" srcset=\"https:\/\/www.quark-leinoel-meile.de\/wp-content\/uploads\/2023\/10\/1200x600_Quark_16-1024x512.jpg 1024w, https:\/\/www.quark-leinoel-meile.de\/wp-content\/uploads\/2023\/10\/1200x600_Quark_16-300x150.jpg 300w, https:\/\/www.quark-leinoel-meile.de\/wp-content\/uploads\/2023\/10\/1200x600_Quark_16-768x384.jpg 768w, https:\/\/www.quark-leinoel-meile.de\/wp-content\/uploads\/2023\/10\/1200x600_Quark_16-960x480.jpg 960w, https:\/\/www.quark-leinoel-meile.de\/wp-content\/uploads\/2023\/10\/1200x600_Quark_16.jpg 1200w\" sizes=\"(max-width: 1024px) 100vw, 1024px\" \/><\/figure>\n\n\n\n<p>von links: B\u00fcrgermeister Jens Richter, Spreew\u00e4lder Marga Morgenstern und Olaf St\u00f6be als Vorsitzender des Tourismusverein L\u00fcbben und Umgebung e.V. <\/p>\n\n\n\n<figure class=\"wp-block-image size-large\"><img loading=\"lazy\" decoding=\"async\" width=\"1024\" height=\"512\" src=\"https:\/\/www.quark-leinoel-meile.de\/wp-content\/uploads\/2023\/10\/1200x600_Quark_21-1024x512.jpg\" alt=\"\" class=\"wp-image-221\" srcset=\"https:\/\/www.quark-leinoel-meile.de\/wp-content\/uploads\/2023\/10\/1200x600_Quark_21-1024x512.jpg 1024w, https:\/\/www.quark-leinoel-meile.de\/wp-content\/uploads\/2023\/10\/1200x600_Quark_21-300x150.jpg 300w, https:\/\/www.quark-leinoel-meile.de\/wp-content\/uploads\/2023\/10\/1200x600_Quark_21-768x384.jpg 768w, https:\/\/www.quark-leinoel-meile.de\/wp-content\/uploads\/2023\/10\/1200x600_Quark_21-960x480.jpg 960w, https:\/\/www.quark-leinoel-meile.de\/wp-content\/uploads\/2023\/10\/1200x600_Quark_21.jpg 1200w\" sizes=\"(max-width: 1024px) 100vw, 1024px\" \/><\/figure>\n\n\n\n<p>Die Veranstaltung lud zum gemeinsame Genie\u00dfen und entspannten Austausch unter Einheimlischen und G\u00e4sten ein. <\/p>\n\n\n\n<figure class=\"wp-block-image size-large\"><img loading=\"lazy\" decoding=\"async\" width=\"1024\" height=\"512\" src=\"https:\/\/www.quark-leinoel-meile.de\/wp-content\/uploads\/2023\/10\/1200x600_Quark_17-1024x512.jpg\" alt=\"\" class=\"wp-image-216\" srcset=\"https:\/\/www.quark-leinoel-meile.de\/wp-content\/uploads\/2023\/10\/1200x600_Quark_17-1024x512.jpg 1024w, https:\/\/www.quark-leinoel-meile.de\/wp-content\/uploads\/2023\/10\/1200x600_Quark_17-300x150.jpg 300w, https:\/\/www.quark-leinoel-meile.de\/wp-content\/uploads\/2023\/10\/1200x600_Quark_17-768x384.jpg 768w, https:\/\/www.quark-leinoel-meile.de\/wp-content\/uploads\/2023\/10\/1200x600_Quark_17-960x480.jpg 960w, https:\/\/www.quark-leinoel-meile.de\/wp-content\/uploads\/2023\/10\/1200x600_Quark_17.jpg 1200w\" sizes=\"(max-width: 1024px) 100vw, 1024px\" \/><\/figure>\n\n\n\n<p>Pr\u00e4sentation einer Original-Lein\u00f6lpresse aus der Holl\u00e4nderwindm\u00fchle aus Straupitz<\/p>\n\n\n\n<figure class=\"wp-block-image size-large\"><img loading=\"lazy\" decoding=\"async\" width=\"1024\" height=\"512\" src=\"https:\/\/www.quark-leinoel-meile.de\/wp-content\/uploads\/2023\/10\/1200x600_Quark_15-1024x512.jpg\" alt=\"\" class=\"wp-image-222\" srcset=\"https:\/\/www.quark-leinoel-meile.de\/wp-content\/uploads\/2023\/10\/1200x600_Quark_15-1024x512.jpg 1024w, https:\/\/www.quark-leinoel-meile.de\/wp-content\/uploads\/2023\/10\/1200x600_Quark_15-300x150.jpg 300w, https:\/\/www.quark-leinoel-meile.de\/wp-content\/uploads\/2023\/10\/1200x600_Quark_15-768x384.jpg 768w, https:\/\/www.quark-leinoel-meile.de\/wp-content\/uploads\/2023\/10\/1200x600_Quark_15-960x480.jpg 960w, https:\/\/www.quark-leinoel-meile.de\/wp-content\/uploads\/2023\/10\/1200x600_Quark_15.jpg 1200w\" sizes=\"(max-width: 1024px) 100vw, 1024px\" \/><\/figure>\n\n\n\n<p>Unsere Sponsoren f\u00fcr das Lein\u00f6l, dem Gold des Spreewaldes, waren drei Produzenten aus der Region: Agrarhandel &amp; Service GmbH aus D\u00fcrrenhofe, Holl\u00e4nderwindm\u00fchle aus Straupitz und der Kanow-M\u00fchle aus Gol\u00dfen. <\/p>\n\n\n\n<p>Die Lein\u00f6lf\u00e4ssenchen wurden exklusiv f\u00fcr das Event von der T\u00f6pferei Sander erstellt. Sie sind bekannt f\u00fcr das Motiv der Spreewaldwiese.<\/p>\n\n\n\n<figure class=\"wp-block-image size-large\"><img loading=\"lazy\" decoding=\"async\" width=\"1024\" height=\"512\" src=\"https:\/\/www.quark-leinoel-meile.de\/wp-content\/uploads\/2023\/10\/1200x600_Quark_23-1024x512.jpg\" alt=\"\" class=\"wp-image-220\" srcset=\"https:\/\/www.quark-leinoel-meile.de\/wp-content\/uploads\/2023\/10\/1200x600_Quark_23-1024x512.jpg 1024w, https:\/\/www.quark-leinoel-meile.de\/wp-content\/uploads\/2023\/10\/1200x600_Quark_23-300x150.jpg 300w, https:\/\/www.quark-leinoel-meile.de\/wp-content\/uploads\/2023\/10\/1200x600_Quark_23-768x384.jpg 768w, https:\/\/www.quark-leinoel-meile.de\/wp-content\/uploads\/2023\/10\/1200x600_Quark_23-960x480.jpg 960w, https:\/\/www.quark-leinoel-meile.de\/wp-content\/uploads\/2023\/10\/1200x600_Quark_23.jpg 1200w\" sizes=\"(max-width: 1024px) 100vw, 1024px\" \/><\/figure>\n\n\n\n<p>\u00dcber 800 Portionen der Spreew\u00e4lder Leibspeise &#8222;Quark mit Kartoffeln und Lein\u00f6l&#8220; wurden an Einheimische und G\u00e4ste der Spreewaldstadt L\u00fcbben durch den Verein kostenfrei ausgegeben. <\/p>\n\n\n\n<hr class=\"wp-block-separator has-alpha-channel-opacity\"\/>\n\n\n\n<h2 class=\"wp-block-heading\">Auftritt der Kids der Kita Spreewald<\/h2>\n\n\n\n<figure class=\"wp-block-image size-large\"><img loading=\"lazy\" decoding=\"async\" width=\"1024\" height=\"512\" src=\"https:\/\/www.quark-leinoel-meile.de\/wp-content\/uploads\/2023\/10\/1200x600_Quark_18-1024x512.jpg\" alt=\"\" class=\"wp-image-211\" srcset=\"https:\/\/www.quark-leinoel-meile.de\/wp-content\/uploads\/2023\/10\/1200x600_Quark_18-1024x512.jpg 1024w, https:\/\/www.quark-leinoel-meile.de\/wp-content\/uploads\/2023\/10\/1200x600_Quark_18-300x150.jpg 300w, https:\/\/www.quark-leinoel-meile.de\/wp-content\/uploads\/2023\/10\/1200x600_Quark_18-768x384.jpg 768w, https:\/\/www.quark-leinoel-meile.de\/wp-content\/uploads\/2023\/10\/1200x600_Quark_18-960x480.jpg 960w, https:\/\/www.quark-leinoel-meile.de\/wp-content\/uploads\/2023\/10\/1200x600_Quark_18.jpg 1200w\" sizes=\"(max-width: 1024px) 100vw, 1024px\" \/><\/figure>\n\n\n\n<p>Zum Lied des singenden Spreewaldwirts &#8222;G\u00fcnni&#8220;: Spreewalder Gurken, Pellkartoffeln, Quark und ein bisschen Lein\u00f6l, ja das macht mich stark.\u201c gabe es eine tolle Tanzeinlage.<\/p>\n\n\n\n<figure class=\"wp-block-image size-large\"><img loading=\"lazy\" decoding=\"async\" width=\"1024\" height=\"512\" src=\"https:\/\/www.quark-leinoel-meile.de\/wp-content\/uploads\/2023\/10\/1200x600_Quark_22-1024x512.jpg\" alt=\"\" class=\"wp-image-212\" srcset=\"https:\/\/www.quark-leinoel-meile.de\/wp-content\/uploads\/2023\/10\/1200x600_Quark_22-1024x512.jpg 1024w, https:\/\/www.quark-leinoel-meile.de\/wp-content\/uploads\/2023\/10\/1200x600_Quark_22-300x150.jpg 300w, https:\/\/www.quark-leinoel-meile.de\/wp-content\/uploads\/2023\/10\/1200x600_Quark_22-768x384.jpg 768w, https:\/\/www.quark-leinoel-meile.de\/wp-content\/uploads\/2023\/10\/1200x600_Quark_22-960x480.jpg 960w, https:\/\/www.quark-leinoel-meile.de\/wp-content\/uploads\/2023\/10\/1200x600_Quark_22.jpg 1200w\" sizes=\"(max-width: 1024px) 100vw, 1024px\" \/><\/figure>\n\n\n\n<p>Zauberhafte Tanzeinlage zur ber\u00fchmten Annemarie-Polka<\/p>\n\n\n\n<hr class=\"wp-block-separator has-alpha-channel-opacity\"\/>\n\n\n\n<h2 class=\"wp-block-heading\">Auftritt der Musikerin Juliane Stoffregen<\/h2>\n\n\n\n<figure class=\"wp-block-image size-large\"><img loading=\"lazy\" decoding=\"async\" width=\"1024\" height=\"512\" src=\"https:\/\/www.quark-leinoel-meile.de\/wp-content\/uploads\/2023\/10\/1200x600_Quark_13-1024x512.jpg\" alt=\"\" class=\"wp-image-213\" srcset=\"https:\/\/www.quark-leinoel-meile.de\/wp-content\/uploads\/2023\/10\/1200x600_Quark_13-1024x512.jpg 1024w, https:\/\/www.quark-leinoel-meile.de\/wp-content\/uploads\/2023\/10\/1200x600_Quark_13-300x150.jpg 300w, https:\/\/www.quark-leinoel-meile.de\/wp-content\/uploads\/2023\/10\/1200x600_Quark_13-768x384.jpg 768w, https:\/\/www.quark-leinoel-meile.de\/wp-content\/uploads\/2023\/10\/1200x600_Quark_13-960x480.jpg 960w, https:\/\/www.quark-leinoel-meile.de\/wp-content\/uploads\/2023\/10\/1200x600_Quark_13.jpg 1200w\" sizes=\"(max-width: 1024px) 100vw, 1024px\" \/><\/figure>\n\n\n\n<p>Juliane Stoffregen aus Sch\u00f6nwalde ist eine bekannte S\u00e4ngerin hier aus der Region und begeisterte das Publikum mit tollen Oldies, Evergreens und Balladen.<\/p>\n\n\n\n<figure class=\"wp-block-image size-large\"><img loading=\"lazy\" decoding=\"async\" width=\"1024\" height=\"512\" src=\"https:\/\/www.quark-leinoel-meile.de\/wp-content\/uploads\/2023\/10\/1200x600_Quark_14-1-1024x512.jpg\" alt=\"\" class=\"wp-image-217\" srcset=\"https:\/\/www.quark-leinoel-meile.de\/wp-content\/uploads\/2023\/10\/1200x600_Quark_14-1-1024x512.jpg 1024w, https:\/\/www.quark-leinoel-meile.de\/wp-content\/uploads\/2023\/10\/1200x600_Quark_14-1-300x150.jpg 300w, https:\/\/www.quark-leinoel-meile.de\/wp-content\/uploads\/2023\/10\/1200x600_Quark_14-1-768x384.jpg 768w, https:\/\/www.quark-leinoel-meile.de\/wp-content\/uploads\/2023\/10\/1200x600_Quark_14-1-960x480.jpg 960w, https:\/\/www.quark-leinoel-meile.de\/wp-content\/uploads\/2023\/10\/1200x600_Quark_14-1.jpg 1200w\" sizes=\"(max-width: 1024px) 100vw, 1024px\" \/><\/figure>\n\n\n\n<hr class=\"wp-block-separator has-alpha-channel-opacity\"\/>\n\n\n\n<h2 class=\"wp-block-heading\">Bastelaktion f\u00fcr Kids<\/h2>\n\n\n\n<figure class=\"wp-block-image size-large\"><img loading=\"lazy\" decoding=\"async\" width=\"1024\" height=\"512\" src=\"https:\/\/www.quark-leinoel-meile.de\/wp-content\/uploads\/2023\/10\/1200x600_Quark_19-1024x512.jpg\" alt=\"\" class=\"wp-image-227\" srcset=\"https:\/\/www.quark-leinoel-meile.de\/wp-content\/uploads\/2023\/10\/1200x600_Quark_19-1024x512.jpg 1024w, https:\/\/www.quark-leinoel-meile.de\/wp-content\/uploads\/2023\/10\/1200x600_Quark_19-300x150.jpg 300w, https:\/\/www.quark-leinoel-meile.de\/wp-content\/uploads\/2023\/10\/1200x600_Quark_19-768x384.jpg 768w, https:\/\/www.quark-leinoel-meile.de\/wp-content\/uploads\/2023\/10\/1200x600_Quark_19-960x480.jpg 960w, https:\/\/www.quark-leinoel-meile.de\/wp-content\/uploads\/2023\/10\/1200x600_Quark_19.jpg 1200w\" sizes=\"(max-width: 1024px) 100vw, 1024px\" \/><\/figure>\n\n\n\n<p>Unsere Lampion-Bastelaktion kam bei unseren Kleinen besonders gut an. <\/p>\n\n\n\n<figure class=\"wp-block-image size-large\"><img loading=\"lazy\" decoding=\"async\" width=\"1024\" height=\"512\" src=\"https:\/\/www.quark-leinoel-meile.de\/wp-content\/uploads\/2023\/10\/1200x600_Quark_20-1024x512.jpg\" alt=\"\" class=\"wp-image-228\" srcset=\"https:\/\/www.quark-leinoel-meile.de\/wp-content\/uploads\/2023\/10\/1200x600_Quark_20-1024x512.jpg 1024w, https:\/\/www.quark-leinoel-meile.de\/wp-content\/uploads\/2023\/10\/1200x600_Quark_20-300x150.jpg 300w, https:\/\/www.quark-leinoel-meile.de\/wp-content\/uploads\/2023\/10\/1200x600_Quark_20-768x384.jpg 768w, https:\/\/www.quark-leinoel-meile.de\/wp-content\/uploads\/2023\/10\/1200x600_Quark_20-960x480.jpg 960w, https:\/\/www.quark-leinoel-meile.de\/wp-content\/uploads\/2023\/10\/1200x600_Quark_20.jpg 1200w\" sizes=\"(max-width: 1024px) 100vw, 1024px\" \/><\/figure>\n\n\n\n<p>\u00dcber 160 Lampions wurden von der Kinder gebastelt und beim Lampionsumzug im Rahmen der L\u00fcbbener Shoppingnacht pr\u00e4sentiert. <\/p>\n","protected":false},"excerpt":{"rendered":"<p>Verkosten &#8211; Bestaunen &#8211; Flanieren &#8211; Mitmachen &#8230; R\u00fcckblick 2023 Besondere Highlights der Quark-Lein\u00f6l-Meile Highlights Die erste Quark-Lein\u00f6l-Meile in L\u00fcbben war ein voller Erfolg. von links: B\u00fcrgermeister Jens Richter, Spreew\u00e4lder Marga Morgenstern und Olaf St\u00f6be als Vorsitzender des Tourismusverein L\u00fcbben und Umgebung e.V. Die Veranstaltung lud zum gemeinsame Genie\u00dfen und entspannten Austausch unter Einheimlischen und [&hellip;]<\/p>\n","protected":false},"author":1,"featured_media":0,"parent":0,"menu_order":0,"comment_status":"closed","ping_status":"closed","template":"","meta":{"footnotes":""},"class_list":["post-210","page","type-page","status-publish","hentry","post"],"_links":{"self":[{"href":"https:\/\/www.quark-leinoel-meile.de\/index.php?rest_route=\/wp\/v2\/pages\/210"}],"collection":[{"href":"https:\/\/www.quark-leinoel-meile.de\/index.php?rest_route=\/wp\/v2\/pages"}],"about":[{"href":"https:\/\/www.quark-leinoel-meile.de\/index.php?rest_route=\/wp\/v2\/types\/page"}],"author":[{"embeddable":true,"href":"https:\/\/www.quark-leinoel-meile.de\/index.php?rest_route=\/wp\/v2\/users\/1"}],"replies":[{"embeddable":true,"href":"https:\/\/www.quark-leinoel-meile.de\/index.php?rest_route=%2Fwp%2Fv2%2Fcomments&post=210"}],"version-history":[{"count":15,"href":"https:\/\/www.quark-leinoel-meile.de\/index.php?rest_route=\/wp\/v2\/pages\/210\/revisions"}],"predecessor-version":[{"id":261,"href":"https:\/\/www.quark-leinoel-meile.de\/index.php?rest_route=\/wp\/v2\/pages\/210\/revisions\/261"}],"wp:attachment":[{"href":"https:\/\/www.quark-leinoel-meile.de\/index.php?rest_route=%2Fwp%2Fv2%2Fmedia&parent=210"}],"curies":[{"name":"wp","href":"https:\/\/api.w.org\/{rel}","templated":true}]}}